{"id":206,"date":"2020-02-11T16:53:24","date_gmt":"2020-02-11T15:53:24","guid":{"rendered":"https:\/\/www.maire-avocat.com\/?page_id=206"},"modified":"2021-08-11T13:20:21","modified_gmt":"2021-08-11T11:20:21","slug":"politique-de-confidentialite","status":"publish","type":"page","link":"https:\/\/www.maire-avocat.com\/en\/politique-de-confidentialite\/","title":{"rendered":"Politique de confidentialit\u00e9"},"content":{"rendered":"<h2>L&rsquo;utilisation des Cookies<\/h2>\n\n\n\n<p>Cette politique de cookies explique ce que sont les cookies et comment nous les utilisons.&nbsp;Vous devriez lire cette politique afin que vous puissiez comprendre quel type de cookies nous utilisons, ou les informations que nous collectons \u00e0 l&rsquo;aide de cookies et comment ces informations sont utilis\u00e9es.<\/p>\n\n\n\n<p>Les cookies ne contiennent g\u00e9n\u00e9ralement aucune information permettant d&rsquo;identifier personnellement un utilisateur, mais les informations personnelles que nous stockons \u00e0 votre sujet peuvent \u00eatre li\u00e9es aux informations stock\u00e9es et obtenues \u00e0 partir des cookies.&nbsp;Nous ne stockons pas d&rsquo;informations personnelles sensibles, telles que les adresses postales, les mots de passe de compte, etc. dans les cookies que nous utilisons.<\/p>\n\n\n\n<h3>Type de cookies que nous utilisons<\/h3>\n\n\n\n<p>Les cookies peuvent \u00eatre des cookies \u00ab&nbsp;persistants&nbsp;\u00bb ou \u00ab&nbsp;de session&nbsp;\u00bb.&nbsp;Les cookies persistants restent sur votre ordinateur personnel ou votre appareil mobile lorsque vous vous d\u00e9connectez, tandis que les cookies de session sont supprim\u00e9s d\u00e8s que vous fermez votre navigateur Web.<\/p>\n\n\n\n<p>Nous utilisons \u00e0 la fois des cookies de session et des cookies persistants aux fins d\u00e9crites ci-dessous&nbsp;:<\/p>\n\n\n\n<p><strong>Cookies n\u00e9cessaires \/ essentiels<\/strong><\/p>\n\n\n\n<ul class=\"is-style-none\"><li>Type&nbsp;: Cookies de session<\/li><li>Administr\u00e9 par : Nous<\/li><li>Finalit\u00e9 : Ces Cookies sont essentiels pour Vous fournir les services disponibles sur le Site Internet et pour Vous permettre d&rsquo;utiliser certaines de ses fonctionnalit\u00e9s.&nbsp;Ils aident \u00e0 authentifier les utilisateurs et \u00e0 emp\u00eacher l&rsquo;utilisation frauduleuse des comptes d&rsquo;utilisateurs.&nbsp;Sans ces cookies, les services que vous avez demand\u00e9s ne peuvent pas \u00eatre fournis, et nous n&rsquo;utilisons ces cookies que pour vous fournir ces services.<\/li><\/ul>\n\n\n\n<p><strong>Cookies de fonctionnalit\u00e9<\/strong><\/p>\n\n\n\n<ul class=\"is-style-none\"><li>Type : Cookies persistants<\/li><li>Administr\u00e9 par : Nous<\/li><li>Objectif : ces cookies nous permettent de m\u00e9moriser les choix que vous faites lorsque vous utilisez le site Web, tels que la m\u00e9morisation de vos informations de connexion ou de votre pr\u00e9f\u00e9rence linguistique. Le but de ces Cookies est de Vous offrir une exp\u00e9rience plus personnelle et de Vous \u00e9viter d&rsquo;avoir \u00e0 ressaisir vos pr\u00e9f\u00e9rences \u00e0 chaque fois que Vous utilisez le Site.<\/li><\/ul>\n\n\n\n<h2>Vos choix concernant les cookies<\/h2>\n\n\n\n<p>Si vous pr\u00e9f\u00e9rez \u00e9viter l&rsquo;utilisation de cookies sur le site Web, vous devez d&rsquo;abord d\u00e9sactiver l&rsquo;utilisation de cookies dans votre navigateur, puis supprimer les cookies enregistr\u00e9s dans votre navigateur associ\u00e9s \u00e0 ce site Web. Vous pouvez utiliser cette option pour emp\u00eacher l&rsquo;utilisation de cookies \u00e0 tout moment.<\/p>\n\n\n\n<p>Si vous n&rsquo;acceptez pas nos cookies, vous pouvez rencontrer des inconv\u00e9nients dans votre utilisation du site Web et certaines fonctionnalit\u00e9s peuvent ne pas fonctionner correctement.<\/p>\n\n\n\n<p>Si vous souhaitez supprimer les cookies ou demander \u00e0 votre navigateur Web de supprimer ou de refuser les cookies, veuillez visiter les pages d&rsquo;aide de votre navigateur Web.<\/p>\n\n\n\n<ul><li>Pour le navigateur Web Chrome, veuillez visiter cette page de Google : <a href=\"https:\/\/support.google.com\/accounts\/answer\/32050\" target=\"_blank\" rel=\"noreferrer noopener\">https:\/\/support.google.com\/accounts\/answer\/32050<\/a><\/li><li>Pour le navigateur Web Internet Explorer, veuillez visiter cette page de Microsoft : <a href=\"http:\/\/support.microsoft.com\/kb\/278835\" target=\"_blank\" rel=\"noreferrer noopener\">http:\/\/support.microsoft.com\/kb\/278835<\/a><\/li><li>Pour le navigateur Web Firefox, veuillez visiter cette page de Mozilla : <a href=\"https:\/\/support.mozilla.org\/en-US\/kb\/delete-cookies-remove-info-websites-stored\" target=\"_blank\" rel=\"noreferrer noopener\">https:\/\/support.mozilla.org\/en-US\/kb\/delete-cookies-remove-info-websites-stored<\/a><\/li><li>Pour le navigateur Web Safari, veuillez visiter cette page d&rsquo;Apple : <a href=\"https:\/\/support.apple.com\/guide\/safari\/manage-cookies-and-website-data-sfri11471\/mac\" target=\"_blank\" rel=\"noreferrer noopener\">https:\/\/support.apple.com\/guide\/safari\/manage-cookies-and-website-data-sfri11471\/mac<\/a><\/li><\/ul>\n\n\n\n<p>Pour tout autre navigateur Web, veuillez visiter les pages Web officielles de votre navigateur Web.<\/p>\n\n\n\n<h2>Nous contacter<\/h2>\n\n\n\n<p>Si vous avez des questions sur cette politique de cookies, vous pouvez nous <a href=\"http:\/\/localhost\/contact\">contacter en cliquant ici<\/a><\/p>","protected":false},"excerpt":{"rendered":"<p>L&rsquo;utilisation des Cookies Cette politique de cookies explique ce que sont les cookies et comment nous les utilisons.&nbsp;Vous devriez lire cette politique afin que vous puissiez comprendre quel type de cookies nous utilisons, ou les informations que nous collectons \u00e0 l&rsquo;aide de cookies et comment ces informations sont utilis\u00e9es. Les cookies ne contiennent g\u00e9n\u00e9ralement aucune [&hellip;]<\/p>","protected":false},"author":10,"featured_media":0,"parent":0,"menu_order":0,"comment_status":"closed","ping_status":"closed","template":"","meta":{"_coblocks_attr":"","_coblocks_dimensions":"","_coblocks_responsive_height":"","_coblocks_accordion_ie_support":""},"yoast_head":"<!-- This site is optimized with the Yoast SEO plugin v17.1 - https:\/\/yoast.com\/wordpress\/plugins\/seo\/ -->\n<meta name=\"robots\" content=\"index, follow, max-snippet:-1, max-image-preview:large, max-video-preview:-1\" \/>\n<link rel=\"canonical\" href=\"https:\/\/www.maire-avocat.com\/en\/politique-de-confidentialite\/\" \/>\n<meta property=\"og:locale\" content=\"en_GB\" \/>\n<meta property=\"og:type\" content=\"article\" \/>\n<meta property=\"og:title\" content=\"Politique de confidentialit\u00e9 - Madeleine Maire\" \/>\n<meta property=\"og:description\" content=\"L&rsquo;utilisation des Cookies Cette politique de cookies explique ce que sont les cookies et comment nous les utilisons.&nbsp;Vous devriez lire cette politique afin que vous puissiez comprendre quel type de cookies nous utilisons, ou les informations que nous collectons \u00e0 l&rsquo;aide de cookies et comment ces informations sont utilis\u00e9es. Les cookies ne contiennent g\u00e9n\u00e9ralement aucune [&hellip;]\" \/>\n<meta property=\"og:url\" content=\"https:\/\/www.maire-avocat.com\/en\/politique-de-confidentialite\/\" \/>\n<meta property=\"og:site_name\" content=\"Madeleine Maire\" \/>\n<meta property=\"article:modified_time\" content=\"2021-08-11T11:20:21+00:00\" \/>\n<meta name=\"twitter:card\" content=\"summary_large_image\" \/>\n<meta name=\"twitter:label1\" content=\"Estimated reading time\" \/>\n\t<meta name=\"twitter:data1\" content=\"3 minutes\" \/>\n<script type=\"application\/ld+json\" class=\"yoast-schema-graph\">{\"@context\":\"https:\/\/schema.org\",\"@graph\":[{\"@type\":\"WebSite\",\"@id\":\"https:\/\/www.maire-avocat.com\/#website\",\"url\":\"https:\/\/www.maire-avocat.com\/\",\"name\":\"Madeleine Maire\",\"description\":\"Avocate \\u00e0 la cour\",\"potentialAction\":[{\"@type\":\"SearchAction\",\"target\":{\"@type\":\"EntryPoint\",\"urlTemplate\":\"https:\/\/www.maire-avocat.com\/?s={search_term_string}\"},\"query-input\":\"required name=search_term_string\"}],\"inLanguage\":\"en-GB\"},{\"@type\":\"WebPage\",\"@id\":\"https:\/\/www.maire-avocat.com\/politique-de-confidentialite\/#webpage\",\"url\":\"https:\/\/www.maire-avocat.com\/politique-de-confidentialite\/\",\"name\":\"Politique de confidentialit\\u00e9 - Madeleine Maire\",\"isPartOf\":{\"@id\":\"https:\/\/www.maire-avocat.com\/#website\"},\"datePublished\":\"2020-02-11T15:53:24+00:00\",\"dateModified\":\"2021-08-11T11:20:21+00:00\",\"breadcrumb\":{\"@id\":\"https:\/\/www.maire-avocat.com\/politique-de-confidentialite\/#breadcrumb\"},\"inLanguage\":\"en-GB\",\"potentialAction\":[{\"@type\":\"ReadAction\",\"target\":[\"https:\/\/www.maire-avocat.com\/politique-de-confidentialite\/\"]}]},{\"@type\":\"BreadcrumbList\",\"@id\":\"https:\/\/www.maire-avocat.com\/politique-de-confidentialite\/#breadcrumb\",\"itemListElement\":[{\"@type\":\"ListItem\",\"position\":1,\"name\":\"Politique de confidentialit\\u00e9\"}]}]}<\/script>\n<!-- \/ Yoast SEO plugin. -->","yoast_head_json":{"robots":{"index":"index","follow":"follow","max-snippet":"max-snippet:-1","max-image-preview":"max-image-preview:large","max-video-preview":"max-video-preview:-1"},"canonical":"https:\/\/www.maire-avocat.com\/en\/politique-de-confidentialite\/","og_locale":"en_GB","og_type":"article","og_title":"Politique de confidentialit\u00e9 - Madeleine Maire","og_description":"L&rsquo;utilisation des Cookies Cette politique de cookies explique ce que sont les cookies et comment nous les utilisons.&nbsp;Vous devriez lire cette politique afin que vous puissiez comprendre quel type de cookies nous utilisons, ou les informations que nous collectons \u00e0 l&rsquo;aide de cookies et comment ces informations sont utilis\u00e9es. Les cookies ne contiennent g\u00e9n\u00e9ralement aucune [&hellip;]","og_url":"https:\/\/www.maire-avocat.com\/en\/politique-de-confidentialite\/","og_site_name":"Madeleine Maire","article_modified_time":"2021-08-11T11:20:21+00:00","twitter_card":"summary_large_image","twitter_misc":{"Estimated reading time":"3 minutes"},"schema":{"@context":"https:\/\/schema.org","@graph":[{"@type":"WebSite","@id":"https:\/\/www.maire-avocat.com\/#website","url":"https:\/\/www.maire-avocat.com\/","name":"Madeleine Maire","description":"Avocate \u00e0 la cour","potentialAction":[{"@type":"SearchAction","target":{"@type":"EntryPoint","urlTemplate":"https:\/\/www.maire-avocat.com\/?s={search_term_string}"},"query-input":"required name=search_term_string"}],"inLanguage":"en-GB"},{"@type":"WebPage","@id":"https:\/\/www.maire-avocat.com\/politique-de-confidentialite\/#webpage","url":"https:\/\/www.maire-avocat.com\/politique-de-confidentialite\/","name":"Politique de confidentialit\u00e9 - Madeleine Maire","isPartOf":{"@id":"https:\/\/www.maire-avocat.com\/#website"},"datePublished":"2020-02-11T15:53:24+00:00","dateModified":"2021-08-11T11:20:21+00:00","breadcrumb":{"@id":"https:\/\/www.maire-avocat.com\/politique-de-confidentialite\/#breadcrumb"},"inLanguage":"en-GB","potentialAction":[{"@type":"ReadAction","target":["https:\/\/www.maire-avocat.com\/politique-de-confidentialite\/"]}]},{"@type":"BreadcrumbList","@id":"https:\/\/www.maire-avocat.com\/politique-de-confidentialite\/#breadcrumb","itemListElement":[{"@type":"ListItem","position":1,"name":"Politique de confidentialit\u00e9"}]}]}},"uagb_featured_image_src":{"full":false,"thumbnail":false,"medium":false,"medium_large":false,"large":false,"1536x1536":false,"2048x2048":false,"trp-custom-language-flag":false},"uagb_author_info":{"display_name":"Canelle CASTRO","author_link":"https:\/\/www.maire-avocat.com\/en\/author\/canellec\/"},"uagb_comment_info":0,"uagb_excerpt":"L&rsquo;utilisation des Cookies Cette politique de cookies explique ce que sont les cookies et comment nous les utilisons.&nbsp;Vous devriez lire cette politique afin que vous puissiez comprendre quel type de cookies nous utilisons, ou les informations que nous collectons \u00e0 l&rsquo;aide de cookies et comment ces informations sont utilis\u00e9es. Les cookies ne contiennent g\u00e9n\u00e9ralement aucune&hellip;","_links":{"self":[{"href":"https:\/\/www.maire-avocat.com\/en\/wp-json\/wp\/v2\/pages\/206"}],"collection":[{"href":"https:\/\/www.maire-avocat.com\/en\/wp-json\/wp\/v2\/pages"}],"about":[{"href":"https:\/\/www.maire-avocat.com\/en\/wp-json\/wp\/v2\/types\/page"}],"author":[{"embeddable":true,"href":"https:\/\/www.maire-avocat.com\/en\/wp-json\/wp\/v2\/users\/10"}],"replies":[{"embeddable":true,"href":"https:\/\/www.maire-avocat.com\/en\/wp-json\/wp\/v2\/comments?post=206"}],"version-history":[{"count":4,"href":"https:\/\/www.maire-avocat.com\/en\/wp-json\/wp\/v2\/pages\/206\/revisions"}],"predecessor-version":[{"id":759,"href":"https:\/\/www.maire-avocat.com\/en\/wp-json\/wp\/v2\/pages\/206\/revisions\/759"}],"wp:attachment":[{"href":"https:\/\/www.maire-avocat.com\/en\/wp-json\/wp\/v2\/media?parent=206"}],"curies":[{"name":"wp","href":"https:\/\/api.w.org\/{rel}","templated":true}]}}